{"id":21,"date":"2025-02-21T10:12:35","date_gmt":"2025-02-21T10:12:35","guid":{"rendered":"https:\/\/nicole-by-tcd.de\/?page_id=21"},"modified":"2025-05-02T05:37:31","modified_gmt":"2025-05-02T05:37:31","slug":"projekte","status":"publish","type":"page","link":"https:\/\/nicole-by-tcd.de\/index.php\/projekte\/","title":{"rendered":"Projekte"},"content":{"rendered":"\n<div style=\"height:100px\" aria-hidden=\"true\" class=\"wp-block-spacer\"><\/div>\n\n\n\n<p class=\"has-text-align-center has-large-font-size\" style=\"font-style:normal;font-weight:100\">Das Besondere an meinen Projekten ist die Einzigartigkeit \u2013 das Unikat. <br>Jedes Projekt \u2013 lebt von seiner eigenen Geschichte.<br>Und Geschichten wollen erz\u00e4hlt werden.<\/p>\n\n\n\n<div style=\"height:150px\" aria-hidden=\"true\" class=\"wp-block-spacer\"><\/div>\n\n\n\n<h3 class=\"wp-block-heading\">Kunst kaufen: F\u00fcr Ihr Unternehmen, f\u00fcr zu Hause oder zum Verschenken<\/h3>\n\n\n\n<p><strong>Emotionen transportieren:<\/strong> Mit jedem Like und jeder Interaktion auf der Social Media Plattform w\u00e4chst die &#8222;Kunst-Community&#8220; ein wenig mehr und ich begeistere mit meiner Vision kunstinteressierte Menschen, die meinen Style und die Art meines visuellen Geschichtenerz\u00e4hlens sch\u00e4tzen. Optimismus und Fr\u00f6hlichkeit verk\u00f6rpern diese Geschichten, die Sie f\u00fcr Ihr zu Hause, Ihr Unternehmen oder zum Verschenken erwerben k\u00f6nnen. Ich freue mich, wenn meine Vision in Ihren R\u00e4umlichkeiten weiterlebt und Sie an der farbenfrohen Geschichtenwelt meines visual storytellings teilhaben.<br>Erfragen Sie gerne \u00fcber das <a href=\"https:\/\/nicole-by-tcd.de\/index.php\/kontakt\/\" data-type=\"page\" data-id=\"23\">Formular<\/a> \u2013 unter Angabe des Bildnamens\/Bildserie \u2013 alle Detailinformationen zur Verf\u00fcgbarkeit, Bildpreis-Kalkulation und Lieferbedingungen.<\/p>\n\n\n\n<h3 class=\"wp-block-heading\">Kunst ausleihen: F\u00fcr Ihre Gesch\u00e4fts- oder Ladenr\u00e4ume <\/h3>\n\n\n\n<p><strong>Individualit\u00e4t unterstreichen:<\/strong> Entdecken Sie mit meinem visual storytelling ganz einzigartige Kunstwerke f\u00fcr Ihre Projekte \u2013 als Wertsteigerung f\u00fcr Ihr eigenes Sortiment oder zur Unterstreichung einer Wohlf\u00fchlatmosph\u00e4re in Ihren Gesch\u00e4fts- oder Ladenr\u00e4umen. <br>Lassen Sie uns gemeinsam \u00fcber Ihre Ideen und meine individuell anpassbaren Angebote sprechen. Nutzen Sie gerne das <a href=\"https:\/\/nicole-by-tcd.de\/index.php\/kontakt\/\" data-type=\"page\" data-id=\"23\">Formular<\/a> f\u00fcr eine erste Kontaktaufnahme.<\/p>\n\n\n\n<h3 class=\"wp-block-heading\">Kunst beauftragen: Ihre Geschichte in meinem Malstil<\/h3>\n\n\n\n<p><strong>Und so kann es aussehen:<\/strong> Nach einem ersten Briefing-Gespr\u00e4ch, Fotoanregungen oder Beschreibungen erstelle ich eine Schwarz-Wei\u00df-Strichzeichnung Ihres Wunschmotivs. Nach Ihrer schriftlichen Freigabe und Auftragserteilung wird das Bild \u2013 nach zuvor gew\u00e4hltem Stil \u2013 in Farbe von mir gemalt. Material und Bildgr\u00f6\u00dfe legen wir vorher zusammen fest.<br>Erz\u00e4hlen Sie mir Ihre Geschichte und fragen Sie gerne \u00fcber das <a href=\"https:\/\/nicole-by-tcd.de\/index.php\/kontakt\/\" data-type=\"page\" data-id=\"23\">Formular<\/a> alle weiteren Informationen an.<\/p>\n\n\n\n\t\t\t\n\t<style type=\"text\/css\">\n\t\t.slider-info-497.bafg-slider-info .bafg-slider-title {\n\t\t\t\t\t\t\tfont-size:\n\t\t\t\t\t22px\t\t\t\t;\n\t\t\t\n\t\t\t\n\t\t\t\t\t}\n\n\t\t.slider-info-497.bafg-slider-info .bafg-slider-description {\n\t\t\t\n\t\t\t\n\t\t\t\t\t}\n\t\t\n\t\t\n\t\t.slider-info-497.bafg-slider-info .bafg_slider_readmore_button {\n\t\t\t\n\t\t\t\n\t\t\t\n\t\t\t\n\t\t\t\n\t\t\ttext-align: center;\n\n\t\t\t\n\t\t\t\n\t\t\t\n\t\t\t\n\t\t\t\t\t}\n\n\t\t.slider-info-497.bafg-slider-info .bafg_slider_readmore_button:hover {\n\n\t\t\t\n\t\t\t\n\t\t\t\t\t}\n\t<\/style>\n\t\n\t\t\t<div class=\"bafg-twentytwenty-container slider-497  \"\n\t\t\t\tbafg-orientation=\"horizontal\" bafg-default-offset=\"0.5\"\n\t\t\t\tbafg-before-label=\"Before\"\n\t\t\t\tbafg-after-label=\"After\" bafg-overlay=\"1\"\n\t\t\t\tbafg-move-slider-on-hover=\"\"\n\t\t\t\tbafg-click-to-move=\"\">\n\n\t\t\t\t\t\t\t\t<img class=\"skip-lazy\" data-skip-lazy\t\t\t\t\tsrc=\"https:\/\/nicole-by-tcd.de\/wp-content\/uploads\/2025\/02\/les_lunettes_noir.jpg\" alt=\"\">\n\t\t\t\t<img class=\"skip-lazy\" data-skip-lazy\t\t\t\t\tsrc=\"https:\/\/nicole-by-tcd.de\/wp-content\/uploads\/2025\/02\/les_lunettes-scaled.jpg\" alt=\"\">\n\n\t\t\t<\/div>\n\n\t\t\t\t<div class=\"bafg-slider-info-wraper\">\n\t\t<div style=\"\" class=\"slider-info-497 bafg-slider-info\">\n\t\t\t\t\t<\/div>\n\t<\/div>\n\t\n\t\t\t<style type=\"text\/css\">\n\t\t\t\t\t\t\t\t\t\t\t<\/style>\n\t\t\t\n\n\n\n<p><\/p>\n","protected":false},"excerpt":{"rendered":"<p>Das Besondere an meinen Projekten ist die Einzigartigkeit \u2013 das Unikat. Jedes Projekt \u2013 lebt&#8230;<\/p>\n<div class=\"more-link-wrapper\"><a class=\"more-link\" href=\"https:\/\/nicole-by-tcd.de\/index.php\/projekte\/\">weiterlesen<span class=\"screen-reader-text\">Projekte<\/span><\/a><\/div>\n","protected":false},"author":3,"featured_media":618,"parent":0,"menu_order":0,"comment_status":"closed","ping_status":"closed","template":"templates\/full-width.php","meta":{"inline_featured_image":false,"footnotes":""},"class_list":["post-21","page","type-page","status-publish","has-post-thumbnail","hentry","excerpt","zoom","full-without-featured","even","excerpt-0"],"_links":{"self":[{"href":"https:\/\/nicole-by-tcd.de\/index.php\/wp-json\/wp\/v2\/pages\/21","targetHints":{"allow":["GET"]}}],"collection":[{"href":"https:\/\/nicole-by-tcd.de\/index.php\/wp-json\/wp\/v2\/pages"}],"about":[{"href":"https:\/\/nicole-by-tcd.de\/index.php\/wp-json\/wp\/v2\/types\/page"}],"author":[{"embeddable":true,"href":"https:\/\/nicole-by-tcd.de\/index.php\/wp-json\/wp\/v2\/users\/3"}],"replies":[{"embeddable":true,"href":"https:\/\/nicole-by-tcd.de\/index.php\/wp-json\/wp\/v2\/comments?post=21"}],"version-history":[{"count":23,"href":"https:\/\/nicole-by-tcd.de\/index.php\/wp-json\/wp\/v2\/pages\/21\/revisions"}],"predecessor-version":[{"id":622,"href":"https:\/\/nicole-by-tcd.de\/index.php\/wp-json\/wp\/v2\/pages\/21\/revisions\/622"}],"wp:featuredmedia":[{"embeddable":true,"href":"https:\/\/nicole-by-tcd.de\/index.php\/wp-json\/wp\/v2\/media\/618"}],"wp:attachment":[{"href":"https:\/\/nicole-by-tcd.de\/index.php\/wp-json\/wp\/v2\/media?parent=21"}],"curies":[{"name":"wp","href":"https:\/\/api.w.org\/{rel}","templated":true}]}}